{"id":10510,"date":"2025-10-06T18:24:09","date_gmt":"2025-10-06T18:24:09","guid":{"rendered":"https:\/\/icapval.com\/sas\/?page_id=10510"},"modified":"2025-10-06T21:16:37","modified_gmt":"2025-10-06T21:16:37","slug":"especialidad-en-orientaciones-pedagogicas","status":"publish","type":"page","link":"https:\/\/icapval.com\/sas\/especialidad-en-orientaciones-pedagogicas\/","title":{"rendered":"Especialidad en Orientaci\u00f3nes Pedag\u00f3gicas para la Atenci\u00f3n a las Necesidades Educativas Espec\u00edficas"},"content":{"rendered":"","protected":false},"excerpt":{"rendered":"","protected":false},"author":1,"featured_media":0,"parent":0,"menu_order":0,"comment_status":"closed","ping_status":"closed","template":"","meta":{"footnotes":""},"class_list":["post-10510","page","type-page","status-publish","hentry"],"_links":{"self":[{"href":"https:\/\/icapval.com\/sas\/wp-json\/wp\/v2\/pages\/10510","targetHints":{"allow":["GET"]}}],"collection":[{"href":"https:\/\/icapval.com\/sas\/wp-json\/wp\/v2\/pages"}],"about":[{"href":"https:\/\/icapval.com\/sas\/wp-json\/wp\/v2\/types\/page"}],"author":[{"embeddable":true,"href":"https:\/\/icapval.com\/sas\/wp-json\/wp\/v2\/users\/1"}],"replies":[{"embeddable":true,"href":"https:\/\/icapval.com\/sas\/wp-json\/wp\/v2\/comments?post=10510"}],"version-history":[{"count":2,"href":"https:\/\/icapval.com\/sas\/wp-json\/wp\/v2\/pages\/10510\/revisions"}],"predecessor-version":[{"id":10564,"href":"https:\/\/icapval.com\/sas\/wp-json\/wp\/v2\/pages\/10510\/revisions\/10564"}],"wp:attachment":[{"href":"https:\/\/icapval.com\/sas\/wp-json\/wp\/v2\/media?parent=10510"}],"curies":[{"name":"wp","href":"https:\/\/api.w.org\/{rel}","templated":true}]}}