{"id":10523,"date":"2025-10-06T18:42:07","date_gmt":"2025-10-06T18:42:07","guid":{"rendered":"https:\/\/icapval.com\/sas\/?page_id=10523"},"modified":"2025-10-06T18:42:09","modified_gmt":"2025-10-06T18:42:09","slug":"especialidad-en-herramientas-tecnologicas-para-la-atencion-a-las-necesidades-educativas-especificas","status":"publish","type":"page","link":"https:\/\/icapval.com\/sas\/especialidad-en-herramientas-tecnologicas-para-la-atencion-a-las-necesidades-educativas-especificas\/","title":{"rendered":"Especialidad en Herramientas Tecnol\u00f3gicas para la Atenci\u00f3n a las Necesidades Educativas Espec\u00edficas"},"content":{"rendered":"","protected":false},"excerpt":{"rendered":"","protected":false},"author":1,"featured_media":0,"parent":0,"menu_order":0,"comment_status":"closed","ping_status":"closed","template":"","meta":{"footnotes":""},"class_list":["post-10523","page","type-page","status-publish","hentry"],"_links":{"self":[{"href":"https:\/\/icapval.com\/sas\/wp-json\/wp\/v2\/pages\/10523","targetHints":{"allow":["GET"]}}],"collection":[{"href":"https:\/\/icapval.com\/sas\/wp-json\/wp\/v2\/pages"}],"about":[{"href":"https:\/\/icapval.com\/sas\/wp-json\/wp\/v2\/types\/page"}],"author":[{"embeddable":true,"href":"https:\/\/icapval.com\/sas\/wp-json\/wp\/v2\/users\/1"}],"replies":[{"embeddable":true,"href":"https:\/\/icapval.com\/sas\/wp-json\/wp\/v2\/comments?post=10523"}],"version-history":[{"count":1,"href":"https:\/\/icapval.com\/sas\/wp-json\/wp\/v2\/pages\/10523\/revisions"}],"predecessor-version":[{"id":10524,"href":"https:\/\/icapval.com\/sas\/wp-json\/wp\/v2\/pages\/10523\/revisions\/10524"}],"wp:attachment":[{"href":"https:\/\/icapval.com\/sas\/wp-json\/wp\/v2\/media?parent=10523"}],"curies":[{"name":"wp","href":"https:\/\/api.w.org\/{rel}","templated":true}]}}