{"id":10622,"date":"2025-10-29T14:17:43","date_gmt":"2025-10-29T14:17:43","guid":{"rendered":"https:\/\/icapval.com\/sas\/?page_id=10622"},"modified":"2025-10-29T14:17:45","modified_gmt":"2025-10-29T14:17:45","slug":"introduccion-a-la-programacion-logica-y-diseno-nivel-basico","status":"publish","type":"page","link":"https:\/\/icapval.com\/sas\/introduccion-a-la-programacion-logica-y-diseno-nivel-basico\/","title":{"rendered":"Introducci\u00f3n a la Programaci\u00f3n, L\u00f3gica y Dise\u00f1o (Nivel B\u00e1sico)"},"content":{"rendered":"","protected":false},"excerpt":{"rendered":"","protected":false},"author":1,"featured_media":0,"parent":0,"menu_order":0,"comment_status":"closed","ping_status":"closed","template":"","meta":{"footnotes":""},"class_list":["post-10622","page","type-page","status-publish","hentry"],"_links":{"self":[{"href":"https:\/\/icapval.com\/sas\/wp-json\/wp\/v2\/pages\/10622","targetHints":{"allow":["GET"]}}],"collection":[{"href":"https:\/\/icapval.com\/sas\/wp-json\/wp\/v2\/pages"}],"about":[{"href":"https:\/\/icapval.com\/sas\/wp-json\/wp\/v2\/types\/page"}],"author":[{"embeddable":true,"href":"https:\/\/icapval.com\/sas\/wp-json\/wp\/v2\/users\/1"}],"replies":[{"embeddable":true,"href":"https:\/\/icapval.com\/sas\/wp-json\/wp\/v2\/comments?post=10622"}],"version-history":[{"count":1,"href":"https:\/\/icapval.com\/sas\/wp-json\/wp\/v2\/pages\/10622\/revisions"}],"predecessor-version":[{"id":10623,"href":"https:\/\/icapval.com\/sas\/wp-json\/wp\/v2\/pages\/10622\/revisions\/10623"}],"wp:attachment":[{"href":"https:\/\/icapval.com\/sas\/wp-json\/wp\/v2\/media?parent=10622"}],"curies":[{"name":"wp","href":"https:\/\/api.w.org\/{rel}","templated":true}]}}