{"id":17,"date":"2023-01-08T09:20:20","date_gmt":"2023-01-08T09:20:20","guid":{"rendered":"https:\/\/icapval.com\/sas\/blog\/"},"modified":"2025-06-17T16:08:09","modified_gmt":"2025-06-17T16:08:09","slug":"blog","status":"publish","type":"page","link":"https:\/\/icapval.com\/sas\/blog\/","title":{"rendered":"BLOG"},"content":{"rendered":"\n<h2 class=\"wp-block-heading\">Gu\u00edas y Consejos para Mejorar tu Pr\u00e1ctica Educativa<\/h2>\n\n\n\n<figure class=\"wp-block-image size-large\"><img fetchpriority=\"high\" decoding=\"async\" width=\"1024\" height=\"580\" src=\"https:\/\/icapval.com\/sas\/wp-content\/uploads\/2024\/04\/SeoBlog-1024x580.jpg\" alt=\"Blog de Educaci\u00f3n\" class=\"wp-image-3087\" srcset=\"https:\/\/icapval.com\/sas\/wp-content\/uploads\/2024\/04\/SeoBlog-1024x580.jpg 1024w, https:\/\/icapval.com\/sas\/wp-content\/uploads\/2024\/04\/SeoBlog-300x170.jpg 300w, https:\/\/icapval.com\/sas\/wp-content\/uploads\/2024\/04\/SeoBlog-768x435.jpg 768w, https:\/\/icapval.com\/sas\/wp-content\/uploads\/2024\/04\/SeoBlog.jpg 1200w\" sizes=\"(max-width: 1024px) 100vw, 1024px\" \/><\/figure>\n\n\n\n<p><\/p>\n\n\n\n<h1 class=\"wp-block-heading\">Explora en nuestro Blog de innovaci\u00f3n educativas claves para avanzar en tu carrera, innovar en el aula y liderar el cambio<\/h1>\n\n\n\n<p><a href=\"http:\/\/Blog de Innovaci\u00f3n Educativa: Transformando la Formaci\u00f3n\">\u00bfQu\u00e9 es la<strong> innovaci\u00f3n educativa<\/strong>?<\/a> Desc\u00fabrelo en nuestro <strong>blog <\/strong><\/p>\n\n\n\n<p>La innovaci\u00f3n educativa implica la incorporaci\u00f3n de nuevos enfoques, tecnolog\u00edas y pr\u00e1cticas pedag\u00f3gicas que buscan mejorar los procesos de ense\u00f1anza-aprendizaje. No se trata solo de usar herramientas digitales, sino de transformar la experiencia educativa de manera significativa, centrada en el estudiante y adaptada a las necesidades del siglo XXI.<\/p>\n\n\n\n<h2 class=\"wp-block-heading\">\u00bfEn qu\u00e9 consiste la innovaci\u00f3n educativa?<\/h2>\n\n\n\n<p>B\u00e1sicamente, la innovaci\u00f3n educativa busca mejorar la eficacia de la ense\u00f1anza. M\u00e1s all\u00e1 de adoptar tecnolog\u00edas por el simple hecho de ser nuevas, las utiliza de manera estrat\u00e9gica para&nbsp;<strong>fomentar el aprendizaje significativo y el desarrollo integral<\/strong>&nbsp;de los estudiantes.<\/p>\n\n\n\n<p>Los profesionales de la educaci\u00f3n est\u00e1n llamados a ser agentes de cambio, para lo cual deben explorar constantemente formas creativas de transmitir conocimiento. Innovar en este campo implica un&nbsp;<strong>enfoque proactivo para abordar los desaf\u00edos actuales<\/strong>&nbsp;y preparar a los estudiantes para un futuro en constante evoluci\u00f3n.<\/p>\n\n\n\n<p>Explora art\u00edculos en nuestro blog de <a href=\"https:\/\/icapval.com\/sas\/como-la-metodologia-steam-permitira-cambiar-la-educacion-en-ecuador\/\" data-type=\"post\" data-id=\"3589\">innovaci\u00f3n educativa<\/a>, metodolog\u00edas de ense\u00f1anza, <a href=\"https:\/\/icapval.com\/sas\/como-la-metodologia-steam-permitira-cambiar-la-educacion-en-ecuador\/\" data-type=\"post\" data-id=\"3589\">herramientas tecnol\u00f3gicas<\/a> y desarrollo profesional para docentes y estudiantes. Mejora tu pr\u00e1ctica educativa con nuestras gu\u00edas, recursos actualizados y consejos expertos dise\u00f1ados para transformar tu experiencia de ense\u00f1anza y aprendizaje en todos los niveles acad\u00e9micos.<\/p>\n\n\n\n<figure class=\"wp-block-image size-large\"><img decoding=\"async\" width=\"724\" height=\"1024\" src=\"https:\/\/icapval.com\/sas\/wp-content\/uploads\/2025\/06\/Documento-A4-Mapa-Conceptual-Ocho-Elementos-Proyectos-Infografico-Blanco-y-Multicolor-724x1024.png\" alt=\"\" class=\"wp-image-9595\" srcset=\"https:\/\/icapval.com\/sas\/wp-content\/uploads\/2025\/06\/Documento-A4-Mapa-Conceptual-Ocho-Elementos-Proyectos-Infografico-Blanco-y-Multicolor-724x1024.png 724w, https:\/\/icapval.com\/sas\/wp-content\/uploads\/2025\/06\/Documento-A4-Mapa-Conceptual-Ocho-Elementos-Proyectos-Infografico-Blanco-y-Multicolor-212x300.png 212w, https:\/\/icapval.com\/sas\/wp-content\/uploads\/2025\/06\/Documento-A4-Mapa-Conceptual-Ocho-Elementos-Proyectos-Infografico-Blanco-y-Multicolor-768x1086.png 768w, https:\/\/icapval.com\/sas\/wp-content\/uploads\/2025\/06\/Documento-A4-Mapa-Conceptual-Ocho-Elementos-Proyectos-Infografico-Blanco-y-Multicolor-1086x1536.png 1086w, https:\/\/icapval.com\/sas\/wp-content\/uploads\/2025\/06\/Documento-A4-Mapa-Conceptual-Ocho-Elementos-Proyectos-Infografico-Blanco-y-Multicolor.png 1414w\" sizes=\"(max-width: 724px) 100vw, 724px\" \/><\/figure>\n","protected":false},"excerpt":{"rendered":"<p>Gu\u00edas y Consejos para Mejorar tu Pr\u00e1ctica Educativa Explora en nuestro Blog de innovaci\u00f3n educativas claves para avanzar en tu carrera, innovar en el aula y liderar el cambio \u00bfQu\u00e9 es la innovaci\u00f3n educativa? Desc\u00fabrelo en nuestro blog La innovaci\u00f3n educativa implica la incorporaci\u00f3n de nuevos enfoques, tecnolog\u00edas y pr\u00e1cticas pedag\u00f3gicas que buscan mejorar los [&hellip;]<\/p>\n","protected":false},"author":1,"featured_media":3087,"parent":0,"menu_order":0,"comment_status":"closed","ping_status":"closed","template":"","meta":{"footnotes":""},"class_list":["post-17","page","type-page","status-publish","has-post-thumbnail","hentry"],"_links":{"self":[{"href":"https:\/\/icapval.com\/sas\/wp-json\/wp\/v2\/pages\/17","targetHints":{"allow":["GET"]}}],"collection":[{"href":"https:\/\/icapval.com\/sas\/wp-json\/wp\/v2\/pages"}],"about":[{"href":"https:\/\/icapval.com\/sas\/wp-json\/wp\/v2\/types\/page"}],"author":[{"embeddable":true,"href":"https:\/\/icapval.com\/sas\/wp-json\/wp\/v2\/users\/1"}],"replies":[{"embeddable":true,"href":"https:\/\/icapval.com\/sas\/wp-json\/wp\/v2\/comments?post=17"}],"version-history":[{"count":6,"href":"https:\/\/icapval.com\/sas\/wp-json\/wp\/v2\/pages\/17\/revisions"}],"predecessor-version":[{"id":9983,"href":"https:\/\/icapval.com\/sas\/wp-json\/wp\/v2\/pages\/17\/revisions\/9983"}],"wp:featuredmedia":[{"embeddable":true,"href":"https:\/\/icapval.com\/sas\/wp-json\/wp\/v2\/media\/3087"}],"wp:attachment":[{"href":"https:\/\/icapval.com\/sas\/wp-json\/wp\/v2\/media?parent=17"}],"curies":[{"name":"wp","href":"https:\/\/api.w.org\/{rel}","templated":true}]}}