{"id":4877,"date":"2024-07-08T13:52:00","date_gmt":"2024-07-08T13:52:00","guid":{"rendered":"https:\/\/icapval.com\/sas\/?page_id=4877"},"modified":"2025-06-17T17:16:12","modified_gmt":"2025-06-17T17:16:12","slug":"maestria-en-neuroeducacion","status":"publish","type":"page","link":"https:\/\/icapval.com\/sas\/maestria-en-neuroeducacion\/","title":{"rendered":"Maestr\u00eda en Educaci\u00f3n en Neuroeducaci\u00f3n y Programaci\u00f3n Neuroling\u00fc\u00edstica"},"content":{"rendered":"\n<h1 class=\"wp-block-heading\">Estudia una maestr\u00eda en Neuroeducaci\u00f3n y Programaci\u00f3n Neuroling\u00fc\u00edstica 100% online<\/h1>\n\n\n\n\n\n<p>Maestr\u00eda en Educaci\u00f3n: transforma tu forma de ense\u00f1ar con neuroeducaci\u00f3n y PNL<\/p>\n\n\n\n<p>La maestr\u00eda en Educaci\u00f3n con menci\u00f3n en Neuroeducaci\u00f3n y Programaci\u00f3n Neuroling\u00fc\u00edstica, 100% online, es una excelente oportunidad para docentes y profesionales que desean actualizarse con las herramientas pedag\u00f3gicas m\u00e1s avanzadas. Esta maestr\u00eda est\u00e1 avalada por la SENESCYT y la Universidad Hemisferios, garantizando calidad acad\u00e9mica y reconocimiento nacional.<\/p>\n\n\n\n<p>Gracias a esta maestr\u00eda, podr\u00e1s abordar la diversidad en el aula de manera m\u00e1s efectiva, aplicando principios de la neuroeducaci\u00f3n para fomentar un aprendizaje inclusivo, din\u00e1mico y adaptado a las necesidades de tus estudiantes. Adem\u00e1s, esta formaci\u00f3n te abrir\u00e1 nuevas oportunidades profesionales y te permitir\u00e1 incidir de forma positiva en los procesos de ense\u00f1anza-aprendizaje.<\/p>\n\n\n\n<hr class=\"wp-block-separator has-alpha-channel-opacity\"\/>\n\n\n\n<h2 class=\"wp-block-heading\">\ud83c\udf1f <strong>\u00bfPor qu\u00e9 estudiar Neuroeducaci\u00f3n?<\/strong><\/h2>\n\n\n\n<p><strong>La neuroeducaci\u00f3n<\/strong> es una disciplina emergente que fusiona la educaci\u00f3n y las ciencias neurol\u00f3gicas para entender c\u00f3mo aprenden los seres humanos. Al estudiar este campo, obtendr\u00e1s conocimientos fundamentales para crear estrategias pedag\u00f3gicas que optimicen los procesos de aprendizaje de los estudiantes. Con el enfoque de <strong>neuroeducaci\u00f3n y programaci\u00f3n neuroling\u00fc\u00edstica (PNL)<\/strong>, podr\u00e1s:<\/p>\n\n\n\n<ul class=\"wp-block-list\">\n<li>Aplicar principios cient\u00edficos sobre c\u00f3mo el cerebro aprende y retiene informaci\u00f3n.<\/li>\n\n\n\n<li>Desarrollar habilidades para mejorar la atenci\u00f3n, memoria y motivaci\u00f3n de los estudiantes.<\/li>\n\n\n\n<li>Generar t\u00e9cnicas innovadoras que favorezcan la inclusi\u00f3n en el aula y respeten la diversidad de los estudiantes.<\/li>\n<\/ul>\n\n\n\n<p>Adem\u00e1s, esta maestr\u00eda te permitir\u00e1 entender c\u00f3mo las emociones y el contexto influyen en el aprendizaje, lo que te capacita para intervenir de forma efectiva y personalizada en las necesidades cognitivas y emocionales de los estudiantes.<\/p>\n\n\n\n<hr class=\"wp-block-separator has-alpha-channel-opacity\"\/>\n\n\n\n<h2 class=\"wp-block-heading\">\ud83c\udf93 <strong>Una Maestr\u00eda Avalada por Instituciones de Prestigio<\/strong><\/h2>\n\n\n\n<p>Nuestra <strong>Maestr\u00eda en Educaci\u00f3n con menci\u00f3n en Neuroeducaci\u00f3n<\/strong> es un programa <strong>100% online<\/strong>, avalado por la <strong>SENESCYT<\/strong> y respaldado acad\u00e9micamente por la <strong>Universidad Hemisferios<\/strong>. Esto garantiza la <strong>validez nacional<\/strong> de tu t\u00edtulo y asegura una formaci\u00f3n educativa de calidad internacional.<\/p>\n\n\n\n<h3 class=\"wp-block-heading\"><strong>\u00bfPor qu\u00e9 elegir la Universidad Hemisferios?<\/strong><\/h3>\n\n\n\n<p>La Universidad Hemisferios es <strong>la primera y \u00fanica instituci\u00f3n educativa en Am\u00e9rica<\/strong> en obtener la <strong>quinta estrella bajo el modelo EFQM<\/strong>, una distinci\u00f3n internacional que la coloca en el selecto grupo de instituciones acad\u00e9micas de calidad mundial, junto a empresas como <strong>BMW, Bosch, GSK, y Huawei<\/strong>.<\/p>\n\n\n\n<p>Con <strong>dos d\u00e9cadas de experiencia<\/strong> en formaci\u00f3n de alta calidad, la UHE se destaca por ofrecer un ambiente acad\u00e9mico innovador que promueve la <strong>educaci\u00f3n continua<\/strong> con enfoque en la <strong>neuroeducaci\u00f3n<\/strong>.<\/p>\n\n\n\n<hr class=\"wp-block-separator has-alpha-channel-opacity\"\/>\n\n\n\n<h2 class=\"wp-block-heading\">\u23f3 <strong>Duraci\u00f3n y Modalidad<\/strong><\/h2>\n\n\n\n<h3 class=\"wp-block-heading\"><strong>\u00bfCu\u00e1nto tiempo dura la maestr\u00eda?<\/strong><\/h3>\n\n\n\n<p>La maestr\u00eda tiene una <strong>duraci\u00f3n de 12 meses<\/strong>, con un plan de estudios <strong>intensivo<\/strong> que combina teor\u00eda y pr\u00e1ctica. Nuestro formato online te permite avanzar a tu propio ritmo sin comprometer tu tiempo ni interrumpir tus actividades diarias.<\/p>\n\n\n\n<h3 class=\"wp-block-heading\"><strong>100% online y flexible<\/strong><\/h3>\n\n\n\n<p>Aprovecha la modalidad <strong>virtual<\/strong> que te permite acceder a clases desde cualquier lugar, sin necesidad de desplazamientos ni horarios r\u00edgidos. La formaci\u00f3n est\u00e1 dise\u00f1ada para adaptarse a tus necesidades, permiti\u00e9ndote balancear el estudio con tus compromisos laborales y personales.<\/p>\n\n\n\n<hr class=\"wp-block-separator has-alpha-channel-opacity\"\/>\n\n\n\n<h2 class=\"wp-block-heading\">\ud83d\udcbc <strong>Oportunidades de Crecimiento Profesional<\/strong><\/h2>\n\n\n\n<p>Al finalizar la <strong>maestr\u00eda en neuroeducaci\u00f3n<\/strong>, estar\u00e1s capacitado para implementar m\u00e9todos innovadores en el aula y mejorar el proceso de aprendizaje de tus estudiantes. Adem\u00e1s, contar\u00e1s con un t\u00edtulo que te abrir\u00e1 las puertas a nuevas oportunidades laborales en <strong>escuelas, universidades, centros de investigaci\u00f3n<\/strong> y programas de educaci\u00f3n personalizada.<\/p>\n\n\n\n<p>Con la formaci\u00f3n en <strong>neuroeducaci\u00f3n<\/strong> y <strong>programaci\u00f3n neuroling\u00fc\u00edstica<\/strong>, podr\u00e1s convertirte en un referente en la implementaci\u00f3n de estrategias pedag\u00f3gicas que favorezcan el desarrollo cognitivo y emocional de los estudiantes.<\/p>\n\n\n\n<hr class=\"wp-block-separator has-alpha-channel-opacity\"\/>\n\n\n\n<h2 class=\"wp-block-heading\">\ud83d\udcb3 <strong>Facilidades de Pago y Becas<\/strong><\/h2>\n\n\n\n<h3 class=\"wp-block-heading\"><strong>\u00bfC\u00f3mo puedo financiar mi matr\u00edcula?<\/strong><\/h3>\n\n\n\n<p>Sabemos que la educaci\u00f3n superior puede ser una inversi\u00f3n significativa, por eso ofrecemos planes de financiamiento directos sin <strong>intereses<\/strong>. Estamos comprometidos a garantizar que nada te impida alcanzar el siguiente nivel en tu carrera profesional.<\/p>\n\n\n\n<h3 class=\"wp-block-heading\"><strong>\u00bfExisten becas?<\/strong><\/h3>\n\n\n\n<p>S\u00ed, ofrecemos becas <strong>porcentaje<\/strong> como apoyo a <strong>profesionales del sector educativo<\/strong>. Te invitamos a <strong>consultar con un asesor<\/strong> sobre las posibilidades de becas disponibles para tu caso espec\u00edfico.<\/p>\n\n\n\n<hr class=\"wp-block-separator has-alpha-channel-opacity\"\/>\n\n\n\n<h2 class=\"wp-block-heading\">\ud83d\udccb <strong>Preguntas Frecuentes sobre la Maestr\u00eda<\/strong><\/h2>\n\n\n\n<h3 class=\"wp-block-heading\"><strong>\u00bfEl t\u00edtulo est\u00e1 avalado por la SENESCYT?<\/strong><\/h3>\n\n\n\n<p>S\u00ed, este programa cuenta con el respaldo oficial de la <strong>SENESCYT<\/strong> y la <strong>Universidad Hemisferios<\/strong>, lo que garantiza la validez del t\u00edtulo en todo el territorio nacional.<\/p>\n\n\n\n<h3 class=\"wp-block-heading\"><strong>\u00bfPuedo estudiar la maestr\u00eda si no tengo tiempo para asistir a clases presenciales?<\/strong><\/h3>\n\n\n\n<p>\u00a1Por supuesto! Al ser 100% virtual, no necesitas gastar tiempo en desplazamientos ni interrumpir tu vida laboral o personal. Los horarios son flexibles y puedes avanzar al ritmo que m\u00e1s te convenga.<\/p>\n\n\n\n<h3 class=\"wp-block-heading\"><strong>\u00bfQu\u00e9 requisitos necesito para ingresar?<\/strong><\/h3>\n\n\n\n<p>El programa est\u00e1 dirigido a <strong>profesionales con t\u00edtulo de tercer nivel<\/strong> (licenciatura o ingenier\u00eda). Los t\u00edtulos t\u00e9cnicos no son elegibles para este programa de cuarto nivel.<\/p>\n\n\n\n<hr class=\"wp-block-separator has-alpha-channel-opacity\"\/>\n\n\n\n<h2 class=\"wp-block-heading\">\ud83c\udf0d <strong>S\u00e9 Parte de Algo M\u00e1s Grande<\/strong><\/h2>\n\n\n\n<p>Convi\u00e9rtete en un l\u00edder en el campo de la <strong>neuroeducaci\u00f3n<\/strong> y la <strong>programaci\u00f3n neuroling\u00fc\u00edstica<\/strong>. \u00a1Forma parte de la Universidad Hemisferios, una de las instituciones m\u00e1s reconocidas de Ecuador y Am\u00e9rica Latina!<\/p>\n\n\n\n<p><strong>\u00bfTe interesa m\u00e1s informaci\u00f3n?<\/strong><br>Deja tus datos y <strong>habla con un asesor<\/strong> para recibir detalles adicionales o post\u00falate directamente a la maestr\u00eda.<\/p>\n\n\n\n<hr class=\"wp-block-separator has-alpha-channel-opacity\"\/>\n\n\n\n<p>Este texto est\u00e1 mejorado para optimizar el uso de la palabra clave <strong>\u00abneuroeducaci\u00f3n\u00bb<\/strong>, integr\u00e1ndola de manera natural y efectiva en varias secciones, lo que ayudar\u00e1 con el SEO. Adem\u00e1s, se le dio mayor estructura al contenido para hacerlo m\u00e1s atractivo y f\u00e1cil de leer para el usuario. \u00bfTe gustar\u00eda ajustar alg\u00fan detalle m\u00e1s o a\u00f1adir algo adicional?<\/p>\n\n\n\n<p>Con menci\u00f3n en <a href=\"https:\/\/icapval.com\/sas\/pedagogia-y-neurodidactica-estrategias-educativas\/\" data-type=\"link\" data-id=\"https:\/\/icapval.com\/sas\/pedagogia-y-neurodidactica-estrategias-educativas\/\">Neuroeducaci\u00f3n y Programaci\u00f3n Neuroling\u00fc\u00edstica<\/a><\/p>\n\n\n\n<p>\u00bfBuscas crecer como profesional de la educaci\u00f3n mientras generas un impacto real en la vida de tus estudiantes Nuestra&nbsp;<strong>Maestr\u00eda en Educaci\u00f3n con menci\u00f3n en Neuroeducaci\u00f3n y Programaci\u00f3n Neuroling\u00fc\u00edstica 100% online<\/strong>, avalada por la SENESCYT y la Universidad Hemisferios, te proporciona las herramientas pedag\u00f3gicas m\u00e1s avanzadas para atender la diversidad en el aula.<\/p>\n\n\n\n<p>Crece profesionalmente mientras generas un impacto real y positivo en la vida de las personas. Por favor deja tus datos en el siguiente formulario para recibir m\u00e1s informaci\u00f3n o postularte a la maestr\u00eda.<\/p>\n\n\n\n<figure class=\"wp-block-image size-full\"><img fetchpriority=\"high\" decoding=\"async\" width=\"648\" height=\"250\" src=\"https:\/\/icapval.com\/sas\/wp-content\/uploads\/2025\/03\/Logo-Educacion-Continua-1-1.png\" alt=\"\" class=\"wp-image-8662\" srcset=\"https:\/\/icapval.com\/sas\/wp-content\/uploads\/2025\/03\/Logo-Educacion-Continua-1-1.png 648w, https:\/\/icapval.com\/sas\/wp-content\/uploads\/2025\/03\/Logo-Educacion-Continua-1-1-300x116.png 300w\" sizes=\"(max-width: 648px) 100vw, 648px\" \/><\/figure>\n\n\n\n<p class=\"has-text-align-center\"><em>Se parte de una de las Universidades m\u00e1s importantes de Ecuador. Dos d\u00e9cadas de experiencia en formaci\u00f3n de alta calidad. Acreditados internacionalmente con cinco estrellas bajo el modelo de la European Foundation for Quality Management EFQM.&nbsp;<\/em><\/p>\n\n\n\n<p>Esta distinci\u00f3n nos posiciona en el exclusivo grupo de empresas reconocidas a nivel mundial, tales como BMW, Bosch, GSK, Huawei y otras destacadas compa\u00f1\u00edas que tambi\u00e9n han logrado esta acreditaci\u00f3n.&nbsp; Sin embargo, en el \u00e1mbito educativo,&nbsp;la UHE es la primera y \u00fanica instituci\u00f3n educativa en Am\u00e9rica&nbsp;que alcanza la quinta estrella EFQM, marcando as\u00ed un&nbsp;hito hist\u00f3rico&nbsp;en la educaci\u00f3n superior tanto en Ecuador como en la regi\u00f3n.<\/p>\n\n\n\n<h2 class=\"wp-block-heading\">Acerca de la maestr\u00eda<\/h2>\n\n\n\n\n\n<p><a href=\"https:\/\/api.whatsapp.com\/send?phone=593998493118\" data-type=\"link\" data-id=\"https:\/\/api.whatsapp.com\/send?phone=593998493118\" rel=\"nofollow noopener\" target=\"_blank\">Chatear con un asesor<\/a><\/p>\n\n\n\n<p><a>\u00bfEl t\u00edtulo est\u00e1 avalado en la SENESCYT?<\/a><\/p>\n\n\n\n<p>Claro que s\u00ed, nuestro programa cuenta con&nbsp;<strong>aval oficial de la SENESCYT<\/strong>&nbsp;y el respaldo acad\u00e9mico de la Universidad Hemisferios, garantizando la validez de tu t\u00edtulo en todo el territorio nacional.<\/p>\n\n\n\n<p><a>Estoy trabajando, no cuento con el tiempo para tomar la maestr\u00eda o para ir a la Universidad.<\/a><\/p>\n\n\n\n<p>En la Universidad Hemisferios estamos comprometidos con que usted logre su t\u00edtulo de cuarto nivel. La maestr\u00eda es 100%&nbsp; virtual, por ende, no gastar\u00e1 tiempo o dinero en desplazamientos y adem\u00e1s, los horarios est\u00e1n adaptados para que no interrumpan sus actividades diarias.<\/p>\n\n\n\n<p><a>\u00bfCu\u00e1nto tiempo dura la maestr\u00eda?<\/a><\/p>\n\n\n\n<p>La maestr\u00eda tiene una duraci\u00f3n de&nbsp;<strong>12 meses<\/strong>, con un plan de estudios intensivo que combina teor\u00eda y pr\u00e1ctica para una formaci\u00f3n efectiva.<\/p>\n\n\n\n<p><a>No tengo todo el dinero para matricularme ahora mismo.<\/a><\/p>\n\n\n\n<p>Estamos comprometidos para que ning\u00fan factor logre alejarte del crecimiento profesional que te dar\u00e1 la maestr\u00eda. Puedes financiar toda la colegiatura directamente con nosotros y sin ning\u00fan tipo de inter\u00e9s.<\/p>\n\n\n\n<p><a>\u00bfHay becas?<\/a><\/p>\n\n\n\n<p>Peri\u00f3dicamente otorgamos becas porcentuales como apoyo al profesorado y a profesionales con relaci\u00f3n a la educaci\u00f3n. Deja tus datos y\/o consulta con un asesor sobre esta posibilidad.<\/p>\n\n\n\n<p><a>Tengo t\u00edtulo t\u00e9cnico, \u00bfpuedo tomar la maestr\u00eda?<\/a><\/p>\n\n\n\n<p>No,el programa est\u00e1 dirigido a profesionales con t\u00edtulo de&nbsp;<strong><a href=\"https:\/\/icapval.com\/sas\/maestrias\/\" data-type=\"link\" data-id=\"https:\/\/icapval.com\/sas\/maestrias\/\">tercer nivel (licenciatura o ingenier\u00eda)<\/a><\/strong>. Los t\u00edtulos t\u00e9cnicos no son elegibles para este programa de cuarto nivel.<\/p>\n\n\n\n<h3 class=\"wp-block-heading\">S\u00e9 parte de algo<br>m\u00e1s grande<\/h3>\n\n\n\n<p><style>\/*! elementor-pro - v3.16.0 - 20-09-2023 *\/<br \/>.elementor-slides .swiper-slide-bg{background-size:cover;background-position:50%;background-repeat:no-repeat;min-width:100%;min-height:100%}.elementor-slides .swiper-slide-inner{background-repeat:no-repeat;background-position:50%;position:absolute;top:0;left:0;bottom:0;right:0;padding:50px;margin:auto}.elementor-slides .swiper-slide-inner,.elementor-slides .swiper-slide-inner:hover{color:#fff;display:flex}.elementor-slides .swiper-slide-inner .elementor-background-overlay{position:absolute;z-index:0;top:0;bottom:0;left:0;right:0}.elementor-slides .swiper-slide-inner .elementor-slide-content{position:relative;z-index:1;width:100%}.elementor-slides .swiper-slide-inner .elementor-slide-heading{font-size:35px;font-weight:700;line-height:1}.elementor-slides .swiper-slide-inner .elementor-slide-description{font-size:17px;line-height:1.4}.elementor-slides .swiper-slide-inner .elementor-slide-description:not(:last-child),.elementor-slides .swiper-slide-inner .elementor-slide-heading:not(:last-child){margin-bottom:30px}.elementor-slides .swiper-slide-inner .elementor-slide-button{border:2px solid #fff;color:#fff;background:transparent;display:inline-block}.elementor-slides .swiper-slide-inner .elementor-slide-button,.elementor-slides .swiper-slide-inner .elementor-slide-button:hover{background:transparent;color:inherit;text-decoration:none}.elementor--v-position-top .swiper-slide-inner{align-items:flex-start}.elementor--v-position-bottom .swiper-slide-inner{align-items:flex-end}.elementor--v-position-middle .swiper-slide-inner{align-items:center}.elementor--h-position-left .swiper-slide-inner{justify-content:flex-start}.elementor--h-position-right .swiper-slide-inner{justify-content:flex-end}.elementor--h-position-center .swiper-slide-inner{justify-content:center}body.rtl .elementor-widget-slides .elementor-swiper-button-next{left:10px;right:auto}body.rtl .elementor-widget-slides .elementor-swiper-button-prev{right:10px;left:auto}.elementor-slides-wrapper div:not(.swiper-slide)>.swiper-slide-inner{display:none}@media (max-width:767px){.elementor-slides .swiper-slide-inner{padding:30px}.elementor-slides .swiper-slide-inner .elementor-slide-heading{font-size:23px;line-height:1;margin-bottom:15px}.elementor-slides .swiper-slide-inner .elementor-slide-description{font-size:13px;line-height:1.4;margin-bottom:15px}}<\/style><\/p>\n\n\n\n<p>S\u00e9 parte de los l\u00edderes del futuro<a href=\"https:\/\/api.whatsapp.com\/send?phone=593998493118\" rel=\"nofollow noopener\" target=\"_blank\">\u00bfM\u00e1s informaci\u00f3n?Hablar con un asesor\u00danete a la UHEEncamina tu \u00e9xito profesionalHablar con un asesor<\/a><br>Diapositiva anterior<br>Diapositiva siguiente<\/p>\n\n\n\n<p><\/p>\n\n\n\n<p><\/p>\n\n\n\n<p><\/p>\n","protected":false},"excerpt":{"rendered":"<p>Estudia una maestr\u00eda en Neuroeducaci\u00f3n y Programaci\u00f3n Neuroling\u00fc\u00edstica 100% online Maestr\u00eda en Educaci\u00f3n: transforma tu forma de ense\u00f1ar con neuroeducaci\u00f3n y PNL La maestr\u00eda en Educaci\u00f3n con menci\u00f3n en Neuroeducaci\u00f3n y Programaci\u00f3n Neuroling\u00fc\u00edstica, 100% online, es una excelente oportunidad para docentes y profesionales que desean actualizarse con las herramientas pedag\u00f3gicas m\u00e1s avanzadas. Esta maestr\u00eda est\u00e1 [&hellip;]<\/p>\n","protected":false},"author":1,"featured_media":9556,"parent":0,"menu_order":0,"comment_status":"closed","ping_status":"closed","template":"","meta":{"footnotes":""},"class_list":["post-4877","page","type-page","status-publish","has-post-thumbnail","hentry"],"_links":{"self":[{"href":"https:\/\/icapval.com\/sas\/wp-json\/wp\/v2\/pages\/4877","targetHints":{"allow":["GET"]}}],"collection":[{"href":"https:\/\/icapval.com\/sas\/wp-json\/wp\/v2\/pages"}],"about":[{"href":"https:\/\/icapval.com\/sas\/wp-json\/wp\/v2\/types\/page"}],"author":[{"embeddable":true,"href":"https:\/\/icapval.com\/sas\/wp-json\/wp\/v2\/users\/1"}],"replies":[{"embeddable":true,"href":"https:\/\/icapval.com\/sas\/wp-json\/wp\/v2\/comments?post=4877"}],"version-history":[{"count":7,"href":"https:\/\/icapval.com\/sas\/wp-json\/wp\/v2\/pages\/4877\/revisions"}],"predecessor-version":[{"id":9997,"href":"https:\/\/icapval.com\/sas\/wp-json\/wp\/v2\/pages\/4877\/revisions\/9997"}],"wp:featuredmedia":[{"embeddable":true,"href":"https:\/\/icapval.com\/sas\/wp-json\/wp\/v2\/media\/9556"}],"wp:attachment":[{"href":"https:\/\/icapval.com\/sas\/wp-json\/wp\/v2\/media?parent=4877"}],"curies":[{"name":"wp","href":"https:\/\/api.w.org\/{rel}","templated":true}]}}